{"id":774,"date":"2025-01-06T17:25:48","date_gmt":"2025-01-06T16:25:48","guid":{"rendered":"https:\/\/simontech.sn\/?page_id=774"},"modified":"2025-01-07T00:42:14","modified_gmt":"2025-01-06T23:42:14","slug":"senefood-4","status":"publish","type":"page","link":"https:\/\/simontech.sn\/index.php\/senefood-4\/","title":{"rendered":""},"content":{"rendered":"<div class=\"wp-block-group fotawp-portfolio-section has-background-background-color has-background is-layout-constrained wp-container-core-group-is-layout-254f1302 wp-block-group-is-layout-constrained\" style=\"padding-top:0;padding-right:0;padding-bottom:0;padding-left:0\"><div class=\"wp-block-cover is-light\" style=\"padding-top:var(--wp--preset--spacing--60);padding-bottom:0;min-height:1312px;aspect-ratio:unset;\"><span aria-hidden=\"true\" class=\"wp-block-cover__background has-background-background-color has-background-dim-0 has-background-dim\"><\/span><div class=\"wp-block-cover__inner-container is-layout-flow wp-block-cover-is-layout-flow\"><div class=\"wp-block-group is-layout-constrained wp-container-core-group-is-layout-da7f0b59 wp-block-group-is-layout-constrained\"><div class=\"wp-block-columns are-vertically-aligned-center is-layout-flex wp-container-core-columns-is-layout-0fc842cb wp-block-columns-is-layout-flex\" style=\"padding-top:var(--wp--preset--spacing--80);padding-bottom:var(--wp--preset--spacing--40)\"><div class=\"wp-block-column is-vertically-aligned-center is-layout-flow wp-block-column-is-layout-flow\"><div class=\"wp-block-buttons is-layout-flex wp-container-core-buttons-is-layout-45b20515 wp-block-buttons-is-layout-flex\"><div class=\"wp-block-button has-custom-font-size is-style-button-hover-secondary-color\" style=\"font-size:22px\"><a class=\"wp-block-button__link has-heading-color-color has-transparent-background-color has-text-color has-background wp-element-button\" href=\"#\" style=\"padding-top:0;padding-right:0;padding-bottom:0;padding-left:0\"><strong>Explorez un Monde de Saveurs avec Senefood<\/strong><\/a><\/div><\/div>\n\n<p class=\"has-foreground-color has-text-color\" style=\"font-size:18px\">Senefood n &lsquo;est pas seulement une application de restaurant  ordinaire. C&rsquo; est votre guide ultime \u00e0 travers un univers de d\u00e9lices culinaires. Con\u00e7u pour simplifier votre exp\u00e9rience de commande de repas, Senefood vous offre une vari\u00e9t\u00e9 infinie d&rsquo;options gastronomiques. Avec une interface conviviale, des fonctionnalit\u00e9s innovantes et un service client exceptionnel, Senefood est l\u00e0 pour r\u00e9pondre \u00e0 vos envies culinaires, ou que vous soyez. Plongez dans une aventure gustative sans fin avec Senefood d\u00e8s aujourd&rsquo;hui !<\/p><\/div>\n\n<div class=\"wp-block-column is-vertically-aligned-center is-layout-flow wp-block-column-is-layout-flow\"><figure class=\"wp-block-image size-full has-custom-border\"><img fetchpriority=\"high\" decoding=\"async\" width=\"720\" height=\"480\" src=\"http:\/\/simontech.sn\/wp-content\/uploads\/2024\/02\/senefood.jpg\" alt=\"\" class=\"wp-image-385\" style=\"border-radius:10px\" srcset=\"https:\/\/simontech.sn\/wp-content\/uploads\/2024\/02\/senefood.jpg 720w, https:\/\/simontech.sn\/wp-content\/uploads\/2024\/02\/senefood-600x400.jpg 600w, https:\/\/simontech.sn\/wp-content\/uploads\/2024\/02\/senefood-300x200.jpg 300w\" sizes=\"(max-width: 720px) 100vw, 720px\" \/><\/figure><\/div><\/div>\n\n<div class=\"wp-block-columns are-vertically-aligned-center is-layout-flex wp-container-core-columns-is-layout-bee6aefd wp-block-columns-is-layout-flex\" style=\"padding-top:var(--wp--preset--spacing--80);padding-bottom:var(--wp--preset--spacing--50)\"><div class=\"wp-block-column is-vertically-aligned-center is-layout-flow wp-block-column-is-layout-flow\"><figure class=\"wp-block-image size-full has-custom-border\"><img decoding=\"async\" width=\"720\" height=\"480\" src=\"http:\/\/simontech.sn\/wp-content\/uploads\/2025\/01\/Nouveau-projet3GRGRGRGGR.png\" alt=\"\" class=\"wp-image-823\" style=\"border-radius:10px\" srcset=\"https:\/\/simontech.sn\/wp-content\/uploads\/2025\/01\/Nouveau-projet3GRGRGRGGR.png 720w, https:\/\/simontech.sn\/wp-content\/uploads\/2025\/01\/Nouveau-projet3GRGRGRGGR-600x400.png 600w, https:\/\/simontech.sn\/wp-content\/uploads\/2025\/01\/Nouveau-projet3GRGRGRGGR-300x200.png 300w\" sizes=\"(max-width: 720px) 100vw, 720px\" \/><\/figure><\/div>\n\n<div class=\"wp-block-column is-vertically-aligned-center is-layout-flow wp-block-column-is-layout-flow\"><div class=\"wp-block-buttons is-layout-flex wp-block-buttons-is-layout-flex\"><div class=\"wp-block-button has-custom-font-size is-style-button-hover-secondary-color\" style=\"font-size:22px\"><a class=\"wp-block-button__link has-heading-color-color has-transparent-background-color has-text-color has-background wp-element-button\" href=\"#\" style=\"padding-top:0;padding-right:0;padding-bottom:0;padding-left:0\">Senefood: Votre Compagnon Culinaire Ultime<\/a><\/div><\/div>\n\n<p class=\"has-foreground-color has-text-color\" style=\"font-size:18px\">Senefood est bien plus qu&rsquo;une simple application de restaurant. C&rsquo; est votre compagnon culinaire ultime, con\u00e7u pour simplifier votre exp\u00e9rience de commande de repas et vous faire d\u00e9couvrir une multitude d&rsquo;options gastronomiques. Avec une interface conviviale, des fonctionnalit\u00e9s innovantes et un service client exceptionnel, Senefood est l\u00e0 pour satisfaire vos envies culinaires ou que vous soyez. D\u00e9couvrez, commandez et savourez avec Senefood d\u00e8s aujourd&rsquo;hui !<\/p><\/div><\/div><\/div><\/div><\/div><\/div>","protected":false},"excerpt":{"rendered":"","protected":false},"author":1,"featured_media":0,"parent":0,"menu_order":0,"comment_status":"closed","ping_status":"closed","template":"","meta":{"_coblocks_attr":"","_coblocks_dimensions":"","_coblocks_responsive_height":"","_coblocks_accordion_ie_support":"","_eb_attr":"","footnotes":""},"class_list":["post-774","page","type-page","status-publish","hentry"],"_links":{"self":[{"href":"https:\/\/simontech.sn\/index.php\/wp-json\/wp\/v2\/pages\/774","targetHints":{"allow":["GET"]}}],"collection":[{"href":"https:\/\/simontech.sn\/index.php\/wp-json\/wp\/v2\/pages"}],"about":[{"href":"https:\/\/simontech.sn\/index.php\/wp-json\/wp\/v2\/types\/page"}],"author":[{"embeddable":true,"href":"https:\/\/simontech.sn\/index.php\/wp-json\/wp\/v2\/users\/1"}],"replies":[{"embeddable":true,"href":"https:\/\/simontech.sn\/index.php\/wp-json\/wp\/v2\/comments?post=774"}],"version-history":[{"count":35,"href":"https:\/\/simontech.sn\/index.php\/wp-json\/wp\/v2\/pages\/774\/revisions"}],"predecessor-version":[{"id":825,"href":"https:\/\/simontech.sn\/index.php\/wp-json\/wp\/v2\/pages\/774\/revisions\/825"}],"wp:attachment":[{"href":"https:\/\/simontech.sn\/index.php\/wp-json\/wp\/v2\/media?parent=774"}],"curies":[{"name":"wp","href":"https:\/\/api.w.org\/{rel}","templated":true}]}}